{"id":156,"date":"2014-03-05T20:02:35","date_gmt":"2014-03-05T20:02:35","guid":{"rendered":"http:\/\/immonymen.com\/?page_id=156"},"modified":"2022-01-12T02:50:58","modified_gmt":"2022-01-12T02:50:58","slug":"community-based-projects","status":"publish","type":"page","link":"http:\/\/immonymen.com\/?page_id=156","title":{"rendered":"Research"},"content":{"rendered":"\n<figure class=\"wp-block-image size-full is-resized\"><a href=\"http:\/\/immonymen.com\/wp-content\/uploads\/2022\/01\/Research.gif\"><img loading=\"lazy\" src=\"http:\/\/immonymen.com\/wp-content\/uploads\/2022\/01\/Research.gif\" alt=\"\" class=\"wp-image-354\" width=\"498\" height=\"280\"\/><\/a><\/figure>\n\n\n\n<p><a href=\"Traversal: The Crow and Salmon are Everywhere (2021)\">Traversal: The Crow and Salmon are Everywhere (2021)<\/a><br>BIPOC Residency Program. Trinity Square Video (Toronto, ON)<br><meta charset=\"utf-8\">Patricio D\u00e1vila, Immony M\u00e8n, Emily Fitzpatrick, Ayumi Goto and Peter Morin<\/p>\n\n\n\n<p><a href=\"http:\/\/immonymen.com\/?p=385\">Nuit Live (2020)<\/a><br>Festival LIve Steam Program. Nuit Blanche (Toronto, ON)<br>Public Visualization Studio and Julie Nagam<\/p>\n\n\n\n<p><a href=\"http:\/\/immonymen.com\/?p=382\">Receipts (2020)<\/a><br>Public Video Installation. <meta charset=\"utf-8\">Bentway Urban Conservancy (Toronto, ON)<br>Public Visualization Studio and Lilian Leung<\/p>\n\n\n\n<p><a href=\"http:\/\/immonymen.com\/?p=402\">Traversal: The Objects we Carry (2020)<\/a><br>BIPOC Residency Program. Trinity Square Video (Toronto, ON)<br><meta charset=\"utf-8\">Patricio D\u00e1vila, Immony M\u00e8n, Emily Fitzpatrick and Lorena Salom\u00e9<\/p>\n\n\n\n<p><a href=\"http:\/\/immonymen.com\/?p=331\">TechnoPoetics (2019)<\/a><br>Digital Human Experience Tier 2. <span class=\"s1\">UOIT and OCAD<br>Public Visualization Lab and <span style=\"font-weight: 400;\">Decimal Lab <\/span><\/span><\/p>\n\n\n\n<p><a href=\"http:\/\/immonymen.com\/?p=390\">Shadows! (2018)<\/a><br><meta charset=\"utf-8\"><meta charset=\"utf-8\">Public Video Installation. Bentway Urban Conservancy (Toronto, ON)<br>Public Visualization Studio<\/p>\n\n\n\n<p><a href=\"http:\/\/immonymen.com\/?p=131\">Roots and Branches:&nbsp;Our City Centre Skatepark. Art Gallery of Mississauga (2013)<br><\/a>Community-Based Art Project. Art Gallery of Mississauga (Mississauga, ON)<br>Immony Men and Maegan Broadhurst<\/p>\n\n\n\n<p><a href=\"http:\/\/immonymen.com\/?p=246\">Community-based Visualization in Skatepark Planning (2018)<\/a><br>SHRCC Funded Research-Creation Project. OCAD University (Toronto, ON)<br>Toronto Skateboard Committee and Public Visualization Lab<\/p>\n\n\n\n<p><a href=\"http:\/\/immonymen.com\/?p=393\">Power of Kin (2016)<br><\/a>Single Channel Work. Infuture Festival (Toronto, ON)<br>Public Visualization Studio and Collaborators<\/p>\n\n\n\n<p><a href=\"http:\/\/immonymen.com\/?p=399\">Chthuluscene (2015)<\/a><br>Public Interactive Installation. Nuit Blanche (Toronto, ON)<br>Public Visualization Studio\/Lab and Egyptrixx<\/p>\n\n\n\n<p><a href=\"http:\/\/immonymen.com\/?p=137\">Roots and Branches: From the Mouth of the River. Art Gallery of Mississauga and the Mississauga Library System (2013)<\/a><br>Community-Based Art Project. Art Gallery of Mississauga (Mississauga, ON)<br>Immony Men and Maegan Broadhurst<\/p>\n\n\n\n<p><a href=\"http:\/\/immonymen.com\/?p=152\">Our Home on Gerrard. Art Gallery of Mississauga (2012)<\/a><br>Group Exhibition. <meta charset=\"utf-8\">Art Gallery of Mississauga (Mississauga, ON) <br>Immony Men<\/p>\n\n\n\n<p><a href=\"http:\/\/immonymen.com\/?p=143\">Can you hear the city whispering?&nbsp;(2010)<\/a><br>Community-Based Art Project. Our City is Still Breathing (Winnipeg, MB)<br>Immony Men and Maegan Broadhurst<\/p>\n","protected":false},"excerpt":{"rendered":"<p>Traversal: The Crow and Salmon are Everywhere (2021)BIPOC Residency Program. Trinity Square Video (Toronto, ON)Patricio D\u00e1vila,&hellip;<\/p>\n","protected":false},"author":1,"featured_media":0,"parent":0,"menu_order":2,"comment_status":"closed","ping_status":"closed","template":"","meta":[],"_links":{"self":[{"href":"http:\/\/immonymen.com\/index.php?rest_route=\/wp\/v2\/pages\/156"}],"collection":[{"href":"http:\/\/immonymen.com\/index.php?rest_route=\/wp\/v2\/pages"}],"about":[{"href":"http:\/\/immonymen.com\/index.php?rest_route=\/wp\/v2\/types\/page"}],"author":[{"embeddable":true,"href":"http:\/\/immonymen.com\/index.php?rest_route=\/wp\/v2\/users\/1"}],"replies":[{"embeddable":true,"href":"http:\/\/immonymen.com\/index.php?rest_route=%2Fwp%2Fv2%2Fcomments&post=156"}],"version-history":[{"count":29,"href":"http:\/\/immonymen.com\/index.php?rest_route=\/wp\/v2\/pages\/156\/revisions"}],"predecessor-version":[{"id":444,"href":"http:\/\/immonymen.com\/index.php?rest_route=\/wp\/v2\/pages\/156\/revisions\/444"}],"wp:attachment":[{"href":"http:\/\/immonymen.com\/index.php?rest_route=%2Fwp%2Fv2%2Fmedia&parent=156"}],"curies":[{"name":"wp","href":"https:\/\/api.w.org\/{rel}","templated":true}]}}